{"id":501,"date":"2025-12-12T11:09:27","date_gmt":"2025-12-12T11:09:27","guid":{"rendered":"https:\/\/pedodonti.nu\/?page_id=501"},"modified":"2025-12-12T15:31:13","modified_gmt":"2025-12-12T15:31:13","slug":"medicinering-lustgas-eller-narkos-som-behandlingsalternativ","status":"publish","type":"page","link":"https:\/\/pedodonti.nu\/en\/for-patienter\/medicinering-lustgas-eller-narkos-som-behandlingsalternativ\/","title":{"rendered":"Behandlingsalternativ"},"content":{"rendered":"","protected":false},"excerpt":{"rendered":"","protected":false},"author":2,"featured_media":0,"parent":20,"menu_order":1,"comment_status":"closed","ping_status":"closed","template":"template-npf.php","meta":{"footnotes":""},"class_list":["post-501","page","type-page","status-publish","hentry"],"acf":[],"yoast_head":"<title>Behandlingsalternativ - Huddinge Pedodonti<\/title>\n<meta name=\"description\" content=\"Behandlingsalternativ i form av l\u00e4kemedel, lustgas eller narkos anv\u00e4nds av specialisttandv\u00e5rden i olika sammanhang.\" \/>\n<meta name=\"robots\" content=\"index, follow, max-snippet:-1, max-image-preview:large, max-video-preview:-1\" \/>\n<link rel=\"canonical\" href=\"https:\/\/pedodonti.nu\/en\/for-patienter\/medicinering-lustgas-eller-narkos-som-behandlingsalternativ\/\" \/>\n<meta property=\"og:locale\" content=\"en_GB\" \/>\n<meta property=\"og:type\" content=\"article\" \/>\n<meta property=\"og:title\" content=\"Behandlingsalternativ - Huddinge Pedodonti\" \/>\n<meta property=\"og:description\" content=\"Behandlingsalternativ i form av l\u00e4kemedel, lustgas eller narkos anv\u00e4nds av specialisttandv\u00e5rden i olika sammanhang.\" \/>\n<meta property=\"og:url\" content=\"https:\/\/pedodonti.nu\/en\/for-patienter\/medicinering-lustgas-eller-narkos-som-behandlingsalternativ\/\" \/>\n<meta property=\"og:site_name\" content=\"Huddinge Pedodonti\" \/>\n<meta property=\"article:modified_time\" content=\"2025-12-12T15:31:13+00:00\" \/>\n<meta name=\"twitter:card\" content=\"summary_large_image\" \/>\n<script type=\"application\/ld+json\" class=\"yoast-schema-graph\">{\"@context\":\"https:\/\/schema.org\",\"@graph\":[{\"@type\":\"WebPage\",\"@id\":\"https:\/\/pedodonti.nu\/for-patienter\/medicinering-lustgas-eller-narkos-som-behandlingsalternativ\/\",\"url\":\"https:\/\/pedodonti.nu\/for-patienter\/medicinering-lustgas-eller-narkos-som-behandlingsalternativ\/\",\"name\":\"Behandlingsalternativ - Huddinge Pedodonti\",\"isPartOf\":{\"@id\":\"https:\/\/pedodonti.nu\/#website\"},\"datePublished\":\"2025-12-12T11:09:27+00:00\",\"dateModified\":\"2025-12-12T15:31:13+00:00\",\"description\":\"Behandlingsalternativ i form av l\u00e4kemedel, lustgas eller narkos anv\u00e4nds av specialisttandv\u00e5rden i olika sammanhang.\",\"breadcrumb\":{\"@id\":\"https:\/\/pedodonti.nu\/for-patienter\/medicinering-lustgas-eller-narkos-som-behandlingsalternativ\/#breadcrumb\"},\"inLanguage\":\"en-GB\",\"potentialAction\":[{\"@type\":\"ReadAction\",\"target\":[\"https:\/\/pedodonti.nu\/for-patienter\/medicinering-lustgas-eller-narkos-som-behandlingsalternativ\/\"]}]},{\"@type\":\"BreadcrumbList\",\"@id\":\"https:\/\/pedodonti.nu\/for-patienter\/medicinering-lustgas-eller-narkos-som-behandlingsalternativ\/#breadcrumb\",\"itemListElement\":[{\"@type\":\"ListItem\",\"position\":1,\"name\":\"Home\",\"item\":\"https:\/\/pedodonti.nu\/\"},{\"@type\":\"ListItem\",\"position\":2,\"name\":\"Patientinformation\",\"item\":\"https:\/\/pedodonti.nu\/for-patienter\/\"},{\"@type\":\"ListItem\",\"position\":3,\"name\":\"Behandlingsalternativ\"}]},{\"@type\":\"WebSite\",\"@id\":\"https:\/\/pedodonti.nu\/#website\",\"url\":\"https:\/\/pedodonti.nu\/\",\"name\":\"Huddinge Pedodonti\",\"description\":\"Tandl\u00e4karklinik f\u00f6r specialisttandv\u00e5rd av barn och ungdomar, finns i Huddinge Centrum.\",\"publisher\":{\"@id\":\"https:\/\/pedodonti.nu\/#organization\"},\"potentialAction\":[{\"@type\":\"SearchAction\",\"target\":{\"@type\":\"EntryPoint\",\"urlTemplate\":\"https:\/\/pedodonti.nu\/?s={search_term_string}\"},\"query-input\":\"required name=search_term_string\"}],\"inLanguage\":\"en-GB\"},{\"@type\":\"Organization\",\"@id\":\"https:\/\/pedodonti.nu\/#organization\",\"name\":\"Huddinge Pedodonti\",\"url\":\"https:\/\/pedodonti.nu\/\",\"logo\":{\"@type\":\"ImageObject\",\"inLanguage\":\"en-GB\",\"@id\":\"https:\/\/pedodonti.nu\/#\/schema\/logo\/image\/\",\"url\":\"https:\/\/pedodonti.nu\/wp-content\/uploads\/2024\/02\/cropped-HP-logo-vit.png\",\"contentUrl\":\"https:\/\/pedodonti.nu\/wp-content\/uploads\/2024\/02\/cropped-HP-logo-vit.png\",\"width\":753,\"height\":284,\"caption\":\"Huddinge Pedodonti\"},\"image\":{\"@id\":\"https:\/\/pedodonti.nu\/#\/schema\/logo\/image\/\"}}]}<\/script>","yoast_head_json":{"title":"Behandlingsalternativ - Huddinge Pedodonti","description":"Behandlingsalternativ i form av l\u00e4kemedel, lustgas eller narkos anv\u00e4nds av specialisttandv\u00e5rden i olika sammanhang.","robots":{"index":"index","follow":"follow","max-snippet":"max-snippet:-1","max-image-preview":"max-image-preview:large","max-video-preview":"max-video-preview:-1"},"canonical":"https:\/\/pedodonti.nu\/en\/for-patienter\/medicinering-lustgas-eller-narkos-som-behandlingsalternativ\/","og_locale":"en_GB","og_type":"article","og_title":"Behandlingsalternativ - Huddinge Pedodonti","og_description":"Behandlingsalternativ i form av l\u00e4kemedel, lustgas eller narkos anv\u00e4nds av specialisttandv\u00e5rden i olika sammanhang.","og_url":"https:\/\/pedodonti.nu\/en\/for-patienter\/medicinering-lustgas-eller-narkos-som-behandlingsalternativ\/","og_site_name":"Huddinge Pedodonti","article_modified_time":"2025-12-12T15:31:13+00:00","twitter_card":"summary_large_image","schema":{"@context":"https:\/\/schema.org","@graph":[{"@type":"WebPage","@id":"https:\/\/pedodonti.nu\/for-patienter\/medicinering-lustgas-eller-narkos-som-behandlingsalternativ\/","url":"https:\/\/pedodonti.nu\/for-patienter\/medicinering-lustgas-eller-narkos-som-behandlingsalternativ\/","name":"Behandlingsalternativ - Huddinge Pedodonti","isPartOf":{"@id":"https:\/\/pedodonti.nu\/#website"},"datePublished":"2025-12-12T11:09:27+00:00","dateModified":"2025-12-12T15:31:13+00:00","description":"Behandlingsalternativ i form av l\u00e4kemedel, lustgas eller narkos anv\u00e4nds av specialisttandv\u00e5rden i olika sammanhang.","breadcrumb":{"@id":"https:\/\/pedodonti.nu\/for-patienter\/medicinering-lustgas-eller-narkos-som-behandlingsalternativ\/#breadcrumb"},"inLanguage":"en-GB","potentialAction":[{"@type":"ReadAction","target":["https:\/\/pedodonti.nu\/for-patienter\/medicinering-lustgas-eller-narkos-som-behandlingsalternativ\/"]}]},{"@type":"BreadcrumbList","@id":"https:\/\/pedodonti.nu\/for-patienter\/medicinering-lustgas-eller-narkos-som-behandlingsalternativ\/#breadcrumb","itemListElement":[{"@type":"ListItem","position":1,"name":"Home","item":"https:\/\/pedodonti.nu\/"},{"@type":"ListItem","position":2,"name":"Patientinformation","item":"https:\/\/pedodonti.nu\/for-patienter\/"},{"@type":"ListItem","position":3,"name":"Behandlingsalternativ"}]},{"@type":"WebSite","@id":"https:\/\/pedodonti.nu\/#website","url":"https:\/\/pedodonti.nu\/","name":"Huddinge Pedodonti","description":"Tandl\u00e4karklinik f\u00f6r specialisttandv\u00e5rd av barn och ungdomar, finns i Huddinge Centrum.","publisher":{"@id":"https:\/\/pedodonti.nu\/#organization"},"potentialAction":[{"@type":"SearchAction","target":{"@type":"EntryPoint","urlTemplate":"https:\/\/pedodonti.nu\/?s={search_term_string}"},"query-input":"required name=search_term_string"}],"inLanguage":"en-GB"},{"@type":"Organization","@id":"https:\/\/pedodonti.nu\/#organization","name":"Huddinge Pedodonti","url":"https:\/\/pedodonti.nu\/","logo":{"@type":"ImageObject","inLanguage":"en-GB","@id":"https:\/\/pedodonti.nu\/#\/schema\/logo\/image\/","url":"https:\/\/pedodonti.nu\/wp-content\/uploads\/2024\/02\/cropped-HP-logo-vit.png","contentUrl":"https:\/\/pedodonti.nu\/wp-content\/uploads\/2024\/02\/cropped-HP-logo-vit.png","width":753,"height":284,"caption":"Huddinge Pedodonti"},"image":{"@id":"https:\/\/pedodonti.nu\/#\/schema\/logo\/image\/"}}]}},"_links":{"self":[{"href":"https:\/\/pedodonti.nu\/en\/wp-json\/wp\/v2\/pages\/501","targetHints":{"allow":["GET"]}}],"collection":[{"href":"https:\/\/pedodonti.nu\/en\/wp-json\/wp\/v2\/pages"}],"about":[{"href":"https:\/\/pedodonti.nu\/en\/wp-json\/wp\/v2\/types\/page"}],"author":[{"embeddable":true,"href":"https:\/\/pedodonti.nu\/en\/wp-json\/wp\/v2\/users\/2"}],"replies":[{"embeddable":true,"href":"https:\/\/pedodonti.nu\/en\/wp-json\/wp\/v2\/comments?post=501"}],"version-history":[{"count":0,"href":"https:\/\/pedodonti.nu\/en\/wp-json\/wp\/v2\/pages\/501\/revisions"}],"up":[{"embeddable":true,"href":"https:\/\/pedodonti.nu\/en\/wp-json\/wp\/v2\/pages\/20"}],"wp:attachment":[{"href":"https:\/\/pedodonti.nu\/en\/wp-json\/wp\/v2\/media?parent=501"}],"curies":[{"name":"wp","href":"https:\/\/api.w.org\/{rel}","templated":true}]}}