{"id":24,"date":"2023-11-15T12:16:16","date_gmt":"2023-11-15T12:16:16","guid":{"rendered":"http:\/\/stage.pedodonti.nu\/?page_id=24"},"modified":"2026-02-08T05:19:34","modified_gmt":"2026-02-08T05:19:34","slug":"hitta-till-oss","status":"publish","type":"page","link":"https:\/\/pedodonti.nu\/en\/hitta-till-oss\/","title":{"rendered":"Find us"},"content":{"rendered":"<p><a href=\"https:\/\/boscuan303vip.com\/\">L\u00e4s mer om kliniken\u00a0<\/a><\/p>","protected":false},"excerpt":{"rendered":"<p>L\u00e4s mer om kliniken\u00a0<\/p>","protected":false},"author":1,"featured_media":0,"parent":0,"menu_order":0,"comment_status":"closed","ping_status":"closed","template":"template-contact.php","meta":{"footnotes":""},"class_list":["post-24","page","type-page","status-publish","hentry"],"acf":[],"yoast_head":"<title>Hitta till Oss - Huddinge Pedodonti<\/title>\n<meta name=\"description\" content=\"Kliniken finns i n\u00e4rheten av t\u00e5gstationen och bussterminalen i Huddinge Centrum. Stor parkeringsplats finns ocks\u00e5 utanf\u00f6r kliniken.\" \/>\n<meta name=\"robots\" content=\"index, follow, max-snippet:-1, max-image-preview:large, max-video-preview:-1\" \/>\n<link rel=\"canonical\" href=\"https:\/\/pedodonti.nu\/en\/hitta-till-oss\/\" \/>\n<meta property=\"og:locale\" content=\"en_GB\" \/>\n<meta property=\"og:type\" content=\"article\" \/>\n<meta property=\"og:title\" content=\"Hitta till Oss - Huddinge Pedodonti\" \/>\n<meta property=\"og:description\" content=\"Kliniken finns i n\u00e4rheten av t\u00e5gstationen och bussterminalen i Huddinge Centrum. Stor parkeringsplats finns ocks\u00e5 utanf\u00f6r kliniken.\" \/>\n<meta property=\"og:url\" content=\"https:\/\/pedodonti.nu\/en\/hitta-till-oss\/\" \/>\n<meta property=\"og:site_name\" content=\"Huddinge Pedodonti\" \/>\n<meta property=\"article:modified_time\" content=\"2026-02-08T05:19:34+00:00\" \/>\n<meta name=\"twitter:card\" content=\"summary_large_image\" \/>\n<meta name=\"twitter:label1\" content=\"Estimated reading time\" \/>\n\t<meta name=\"twitter:data1\" content=\"1 minute\" \/>\n<script type=\"application\/ld+json\" class=\"yoast-schema-graph\">{\"@context\":\"https:\/\/schema.org\",\"@graph\":[{\"@type\":\"WebPage\",\"@id\":\"https:\/\/pedodonti.nu\/hitta-till-oss\/\",\"url\":\"https:\/\/pedodonti.nu\/hitta-till-oss\/\",\"name\":\"Hitta till Oss - Huddinge Pedodonti\",\"isPartOf\":{\"@id\":\"https:\/\/pedodonti.nu\/#website\"},\"datePublished\":\"2023-11-15T12:16:16+00:00\",\"dateModified\":\"2026-02-08T05:19:34+00:00\",\"description\":\"Kliniken finns i n\u00e4rheten av t\u00e5gstationen och bussterminalen i Huddinge Centrum. Stor parkeringsplats finns ocks\u00e5 utanf\u00f6r kliniken.\",\"breadcrumb\":{\"@id\":\"https:\/\/pedodonti.nu\/hitta-till-oss\/#breadcrumb\"},\"inLanguage\":\"en-GB\",\"potentialAction\":[{\"@type\":\"ReadAction\",\"target\":[\"https:\/\/pedodonti.nu\/hitta-till-oss\/\"]}]},{\"@type\":\"BreadcrumbList\",\"@id\":\"https:\/\/pedodonti.nu\/hitta-till-oss\/#breadcrumb\",\"itemListElement\":[{\"@type\":\"ListItem\",\"position\":1,\"name\":\"Home\",\"item\":\"https:\/\/pedodonti.nu\/\"},{\"@type\":\"ListItem\",\"position\":2,\"name\":\"Hitta till Oss\"}]},{\"@type\":\"WebSite\",\"@id\":\"https:\/\/pedodonti.nu\/#website\",\"url\":\"https:\/\/pedodonti.nu\/\",\"name\":\"Huddinge Pedodonti\",\"description\":\"Tandl\u00e4karklinik f\u00f6r specialisttandv\u00e5rd av barn och ungdomar, finns i Huddinge Centrum.\",\"publisher\":{\"@id\":\"https:\/\/pedodonti.nu\/#organization\"},\"potentialAction\":[{\"@type\":\"SearchAction\",\"target\":{\"@type\":\"EntryPoint\",\"urlTemplate\":\"https:\/\/pedodonti.nu\/?s={search_term_string}\"},\"query-input\":\"required name=search_term_string\"}],\"inLanguage\":\"en-GB\"},{\"@type\":\"Organization\",\"@id\":\"https:\/\/pedodonti.nu\/#organization\",\"name\":\"Huddinge Pedodonti\",\"url\":\"https:\/\/pedodonti.nu\/\",\"logo\":{\"@type\":\"ImageObject\",\"inLanguage\":\"en-GB\",\"@id\":\"https:\/\/pedodonti.nu\/#\/schema\/logo\/image\/\",\"url\":\"https:\/\/pedodonti.nu\/wp-content\/uploads\/2024\/02\/cropped-HP-logo-vit.png\",\"contentUrl\":\"https:\/\/pedodonti.nu\/wp-content\/uploads\/2024\/02\/cropped-HP-logo-vit.png\",\"width\":753,\"height\":284,\"caption\":\"Huddinge Pedodonti\"},\"image\":{\"@id\":\"https:\/\/pedodonti.nu\/#\/schema\/logo\/image\/\"}}]}<\/script>","yoast_head_json":{"title":"Hitta till Oss - Huddinge Pedodonti","description":"Kliniken finns i n\u00e4rheten av t\u00e5gstationen och bussterminalen i Huddinge Centrum. Stor parkeringsplats finns ocks\u00e5 utanf\u00f6r kliniken.","robots":{"index":"index","follow":"follow","max-snippet":"max-snippet:-1","max-image-preview":"max-image-preview:large","max-video-preview":"max-video-preview:-1"},"canonical":"https:\/\/pedodonti.nu\/en\/hitta-till-oss\/","og_locale":"en_GB","og_type":"article","og_title":"Hitta till Oss - Huddinge Pedodonti","og_description":"Kliniken finns i n\u00e4rheten av t\u00e5gstationen och bussterminalen i Huddinge Centrum. Stor parkeringsplats finns ocks\u00e5 utanf\u00f6r kliniken.","og_url":"https:\/\/pedodonti.nu\/en\/hitta-till-oss\/","og_site_name":"Huddinge Pedodonti","article_modified_time":"2026-02-08T05:19:34+00:00","twitter_card":"summary_large_image","twitter_misc":{"Estimated reading time":"1 minute"},"schema":{"@context":"https:\/\/schema.org","@graph":[{"@type":"WebPage","@id":"https:\/\/pedodonti.nu\/hitta-till-oss\/","url":"https:\/\/pedodonti.nu\/hitta-till-oss\/","name":"Hitta till Oss - Huddinge Pedodonti","isPartOf":{"@id":"https:\/\/pedodonti.nu\/#website"},"datePublished":"2023-11-15T12:16:16+00:00","dateModified":"2026-02-08T05:19:34+00:00","description":"Kliniken finns i n\u00e4rheten av t\u00e5gstationen och bussterminalen i Huddinge Centrum. Stor parkeringsplats finns ocks\u00e5 utanf\u00f6r kliniken.","breadcrumb":{"@id":"https:\/\/pedodonti.nu\/hitta-till-oss\/#breadcrumb"},"inLanguage":"en-GB","potentialAction":[{"@type":"ReadAction","target":["https:\/\/pedodonti.nu\/hitta-till-oss\/"]}]},{"@type":"BreadcrumbList","@id":"https:\/\/pedodonti.nu\/hitta-till-oss\/#breadcrumb","itemListElement":[{"@type":"ListItem","position":1,"name":"Home","item":"https:\/\/pedodonti.nu\/"},{"@type":"ListItem","position":2,"name":"Hitta till Oss"}]},{"@type":"WebSite","@id":"https:\/\/pedodonti.nu\/#website","url":"https:\/\/pedodonti.nu\/","name":"Huddinge Pedodonti","description":"Tandl\u00e4karklinik f\u00f6r specialisttandv\u00e5rd av barn och ungdomar, finns i Huddinge Centrum.","publisher":{"@id":"https:\/\/pedodonti.nu\/#organization"},"potentialAction":[{"@type":"SearchAction","target":{"@type":"EntryPoint","urlTemplate":"https:\/\/pedodonti.nu\/?s={search_term_string}"},"query-input":"required name=search_term_string"}],"inLanguage":"en-GB"},{"@type":"Organization","@id":"https:\/\/pedodonti.nu\/#organization","name":"Huddinge Pedodonti","url":"https:\/\/pedodonti.nu\/","logo":{"@type":"ImageObject","inLanguage":"en-GB","@id":"https:\/\/pedodonti.nu\/#\/schema\/logo\/image\/","url":"https:\/\/pedodonti.nu\/wp-content\/uploads\/2024\/02\/cropped-HP-logo-vit.png","contentUrl":"https:\/\/pedodonti.nu\/wp-content\/uploads\/2024\/02\/cropped-HP-logo-vit.png","width":753,"height":284,"caption":"Huddinge Pedodonti"},"image":{"@id":"https:\/\/pedodonti.nu\/#\/schema\/logo\/image\/"}}]}},"_links":{"self":[{"href":"https:\/\/pedodonti.nu\/en\/wp-json\/wp\/v2\/pages\/24","targetHints":{"allow":["GET"]}}],"collection":[{"href":"https:\/\/pedodonti.nu\/en\/wp-json\/wp\/v2\/pages"}],"about":[{"href":"https:\/\/pedodonti.nu\/en\/wp-json\/wp\/v2\/types\/page"}],"author":[{"embeddable":true,"href":"https:\/\/pedodonti.nu\/en\/wp-json\/wp\/v2\/users\/1"}],"replies":[{"embeddable":true,"href":"https:\/\/pedodonti.nu\/en\/wp-json\/wp\/v2\/comments?post=24"}],"version-history":[{"count":0,"href":"https:\/\/pedodonti.nu\/en\/wp-json\/wp\/v2\/pages\/24\/revisions"}],"wp:attachment":[{"href":"https:\/\/pedodonti.nu\/en\/wp-json\/wp\/v2\/media?parent=24"}],"curies":[{"name":"wp","href":"https:\/\/api.w.org\/{rel}","templated":true}]}}