{"id":16,"date":"2023-11-15T12:14:48","date_gmt":"2023-11-15T12:14:48","guid":{"rendered":"http:\/\/stage.pedodonti.nu\/?page_id=16"},"modified":"2025-09-17T20:35:40","modified_gmt":"2025-09-17T20:35:40","slug":"barnspecialist","status":"publish","type":"page","link":"https:\/\/pedodonti.nu\/en\/","title":{"rendered":"Specialisttandv\u00e5rd f\u00f6r barn och unga"},"content":{"rendered":"","protected":false},"excerpt":{"rendered":"","protected":false},"author":1,"featured_media":0,"parent":0,"menu_order":0,"comment_status":"closed","ping_status":"closed","template":"template-home.php","meta":{"footnotes":""},"class_list":["post-16","page","type-page","status-publish","hentry"],"acf":[],"yoast_head":"<title>Specialisttandv\u00e5rd f\u00f6r barn och unga - Huddinge Pedodonti<\/title>\n<meta name=\"description\" content=\"Tandl\u00e4karklinik f\u00f6r specialisttandv\u00e5rd av barn och ungdomar upp till 19 \u00e5r - p\u00e5 uppdrag av Region Stockholm finns i Huddinge Centrum.\" \/>\n<meta name=\"robots\" content=\"index, follow, max-snippet:-1, max-image-preview:large, max-video-preview:-1\" \/>\n<link rel=\"canonical\" href=\"https:\/\/pedodonti.nu\/en\/\" \/>\n<meta property=\"og:locale\" content=\"en_GB\" \/>\n<meta property=\"og:type\" content=\"article\" \/>\n<meta property=\"og:title\" content=\"Specialisttandv\u00e5rd f\u00f6r barn och unga - Huddinge Pedodonti\" \/>\n<meta property=\"og:description\" content=\"Tandl\u00e4karklinik f\u00f6r specialisttandv\u00e5rd av barn och ungdomar upp till 19 \u00e5r - p\u00e5 uppdrag av Region Stockholm finns i Huddinge Centrum.\" \/>\n<meta property=\"og:url\" content=\"https:\/\/pedodonti.nu\/en\/\" \/>\n<meta property=\"og:site_name\" content=\"Huddinge Pedodonti\" \/>\n<meta property=\"article:modified_time\" content=\"2025-09-17T20:35:40+00:00\" \/>\n<meta name=\"twitter:card\" content=\"summary_large_image\" \/>\n<script type=\"application\/ld+json\" class=\"yoast-schema-graph\">{\"@context\":\"https:\/\/schema.org\",\"@graph\":[{\"@type\":\"WebPage\",\"@id\":\"https:\/\/pedodonti.nu\/\",\"url\":\"https:\/\/pedodonti.nu\/\",\"name\":\"Specialisttandv\u00e5rd f\u00f6r barn och unga - Huddinge Pedodonti\",\"isPartOf\":{\"@id\":\"https:\/\/pedodonti.nu\/#website\"},\"datePublished\":\"2023-11-15T12:14:48+00:00\",\"dateModified\":\"2025-09-17T20:35:40+00:00\",\"description\":\"Tandl\u00e4karklinik f\u00f6r specialisttandv\u00e5rd av barn och ungdomar upp till 19 \u00e5r - p\u00e5 uppdrag av Region Stockholm finns i Huddinge Centrum.\",\"breadcrumb\":{\"@id\":\"https:\/\/pedodonti.nu\/#breadcrumb\"},\"inLanguage\":\"en-GB\",\"potentialAction\":[{\"@type\":\"ReadAction\",\"target\":[\"https:\/\/pedodonti.nu\/\"]}]},{\"@type\":\"BreadcrumbList\",\"@id\":\"https:\/\/pedodonti.nu\/#breadcrumb\",\"itemListElement\":[{\"@type\":\"ListItem\",\"position\":1,\"name\":\"Home\",\"item\":\"https:\/\/pedodonti.nu\/\"},{\"@type\":\"ListItem\",\"position\":2,\"name\":\"Specialisttandv\u00e5rd f\u00f6r barn och unga\"}]},{\"@type\":\"WebSite\",\"@id\":\"https:\/\/pedodonti.nu\/#website\",\"url\":\"https:\/\/pedodonti.nu\/\",\"name\":\"Huddinge Pedodonti\",\"description\":\"Tandl\u00e4karklinik f\u00f6r specialisttandv\u00e5rd av barn och ungdomar, finns i Huddinge Centrum.\",\"publisher\":{\"@id\":\"https:\/\/pedodonti.nu\/#organization\"},\"potentialAction\":[{\"@type\":\"SearchAction\",\"target\":{\"@type\":\"EntryPoint\",\"urlTemplate\":\"https:\/\/pedodonti.nu\/?s={search_term_string}\"},\"query-input\":\"required name=search_term_string\"}],\"inLanguage\":\"en-GB\"},{\"@type\":\"Organization\",\"@id\":\"https:\/\/pedodonti.nu\/#organization\",\"name\":\"Huddinge Pedodonti\",\"url\":\"https:\/\/pedodonti.nu\/\",\"logo\":{\"@type\":\"ImageObject\",\"inLanguage\":\"en-GB\",\"@id\":\"https:\/\/pedodonti.nu\/#\/schema\/logo\/image\/\",\"url\":\"https:\/\/pedodonti.nu\/wp-content\/uploads\/2024\/02\/cropped-HP-logo-vit.png\",\"contentUrl\":\"https:\/\/pedodonti.nu\/wp-content\/uploads\/2024\/02\/cropped-HP-logo-vit.png\",\"width\":753,\"height\":284,\"caption\":\"Huddinge Pedodonti\"},\"image\":{\"@id\":\"https:\/\/pedodonti.nu\/#\/schema\/logo\/image\/\"}}]}<\/script>","yoast_head_json":{"title":"Specialisttandv\u00e5rd f\u00f6r barn och unga - Huddinge Pedodonti","description":"Tandl\u00e4karklinik f\u00f6r specialisttandv\u00e5rd av barn och ungdomar upp till 19 \u00e5r - p\u00e5 uppdrag av Region Stockholm finns i Huddinge Centrum.","robots":{"index":"index","follow":"follow","max-snippet":"max-snippet:-1","max-image-preview":"max-image-preview:large","max-video-preview":"max-video-preview:-1"},"canonical":"https:\/\/pedodonti.nu\/en\/","og_locale":"en_GB","og_type":"article","og_title":"Specialisttandv\u00e5rd f\u00f6r barn och unga - Huddinge Pedodonti","og_description":"Tandl\u00e4karklinik f\u00f6r specialisttandv\u00e5rd av barn och ungdomar upp till 19 \u00e5r - p\u00e5 uppdrag av Region Stockholm finns i Huddinge Centrum.","og_url":"https:\/\/pedodonti.nu\/en\/","og_site_name":"Huddinge Pedodonti","article_modified_time":"2025-09-17T20:35:40+00:00","twitter_card":"summary_large_image","schema":{"@context":"https:\/\/schema.org","@graph":[{"@type":"WebPage","@id":"https:\/\/pedodonti.nu\/","url":"https:\/\/pedodonti.nu\/","name":"Specialisttandv\u00e5rd f\u00f6r barn och unga - Huddinge Pedodonti","isPartOf":{"@id":"https:\/\/pedodonti.nu\/#website"},"datePublished":"2023-11-15T12:14:48+00:00","dateModified":"2025-09-17T20:35:40+00:00","description":"Tandl\u00e4karklinik f\u00f6r specialisttandv\u00e5rd av barn och ungdomar upp till 19 \u00e5r - p\u00e5 uppdrag av Region Stockholm finns i Huddinge Centrum.","breadcrumb":{"@id":"https:\/\/pedodonti.nu\/#breadcrumb"},"inLanguage":"en-GB","potentialAction":[{"@type":"ReadAction","target":["https:\/\/pedodonti.nu\/"]}]},{"@type":"BreadcrumbList","@id":"https:\/\/pedodonti.nu\/#breadcrumb","itemListElement":[{"@type":"ListItem","position":1,"name":"Home","item":"https:\/\/pedodonti.nu\/"},{"@type":"ListItem","position":2,"name":"Specialisttandv\u00e5rd f\u00f6r barn och unga"}]},{"@type":"WebSite","@id":"https:\/\/pedodonti.nu\/#website","url":"https:\/\/pedodonti.nu\/","name":"Huddinge Pedodonti","description":"Tandl\u00e4karklinik f\u00f6r specialisttandv\u00e5rd av barn och ungdomar, finns i Huddinge Centrum.","publisher":{"@id":"https:\/\/pedodonti.nu\/#organization"},"potentialAction":[{"@type":"SearchAction","target":{"@type":"EntryPoint","urlTemplate":"https:\/\/pedodonti.nu\/?s={search_term_string}"},"query-input":"required name=search_term_string"}],"inLanguage":"en-GB"},{"@type":"Organization","@id":"https:\/\/pedodonti.nu\/#organization","name":"Huddinge Pedodonti","url":"https:\/\/pedodonti.nu\/","logo":{"@type":"ImageObject","inLanguage":"en-GB","@id":"https:\/\/pedodonti.nu\/#\/schema\/logo\/image\/","url":"https:\/\/pedodonti.nu\/wp-content\/uploads\/2024\/02\/cropped-HP-logo-vit.png","contentUrl":"https:\/\/pedodonti.nu\/wp-content\/uploads\/2024\/02\/cropped-HP-logo-vit.png","width":753,"height":284,"caption":"Huddinge Pedodonti"},"image":{"@id":"https:\/\/pedodonti.nu\/#\/schema\/logo\/image\/"}}]}},"_links":{"self":[{"href":"https:\/\/pedodonti.nu\/en\/wp-json\/wp\/v2\/pages\/16","targetHints":{"allow":["GET"]}}],"collection":[{"href":"https:\/\/pedodonti.nu\/en\/wp-json\/wp\/v2\/pages"}],"about":[{"href":"https:\/\/pedodonti.nu\/en\/wp-json\/wp\/v2\/types\/page"}],"author":[{"embeddable":true,"href":"https:\/\/pedodonti.nu\/en\/wp-json\/wp\/v2\/users\/1"}],"replies":[{"embeddable":true,"href":"https:\/\/pedodonti.nu\/en\/wp-json\/wp\/v2\/comments?post=16"}],"version-history":[{"count":0,"href":"https:\/\/pedodonti.nu\/en\/wp-json\/wp\/v2\/pages\/16\/revisions"}],"wp:attachment":[{"href":"https:\/\/pedodonti.nu\/en\/wp-json\/wp\/v2\/media?parent=16"}],"curies":[{"name":"wp","href":"https:\/\/api.w.org\/{rel}","templated":true}]}}